{"id":1756,"date":"2021-10-25T09:55:21","date_gmt":"2021-10-25T09:55:21","guid":{"rendered":"http:\/\/greenzone-blumen.de\/klant-worden\/"},"modified":"2025-08-28T14:24:49","modified_gmt":"2025-08-28T14:24:49","slug":"klant-worden","status":"publish","type":"page","link":"https:\/\/greenzone-blumen.de\/nl\/klant-worden\/","title":{"rendered":"Klant worden"},"content":{"rendered":"\n<h1>\n\t\tkunde werden bei greenzone\n\t<\/h1>\n\t<p>Du bist in der Floristik Branche t\u00e4tig und hast Dein eigenes Fachgesch\u00e4ft? Dann ist GreenZone der ideale Partner f\u00fcr Dich und Dein Gesch\u00e4ft. In einigen, wenigen Schritten erh\u00e4ltst Du Deine Zugangsdaten, mit denen Du ganz einfach in unserem Onlineshop bestellen kannst.<\/p>\n<p>M\u00f6chtest Du vorher schon mal st\u00f6bern, dann schau Dich\u00a0 gerne im Shop um.<\/p>\n\t\t\t<a href=\"https:\/\/shop.greenzone-blumen.de\/Account\/Login\" target=\"_blank\" rel=\"noopener\">\n\t\t\t\t\t\t\tZum Shop\n\t\t\t\t\t<\/a>\n<h2>\n\t\tWie kann ich ein Kundenkonto anfragen?\n\t<\/h2>\n\t<ul>\n<li><strong>Schritt 1: <\/strong>F\u00fclle das Anmeldeformular aus. Wir erwarten vorab einen Gewerbeschein und einen floristischen Hintergrund.<\/li>\n<li><strong>Schritt 2:<\/strong> Einer unserer Mitarbeiter bearbeitet Deine Anfrage und setzt sich mit Dir in Verbindung.<\/li>\n<li><strong>Schritt 3: <\/strong>Per Email bekommst Du Deine pers\u00f6nlichen Zugangsdaten.<\/li>\n<li><strong>Schritt 4: <\/strong>Du kannst nach Herzenslust bestellen!<\/li>\n<\/ul>\n<h2>\n\t\tDu wurdest empfohlen?!\n\t<\/h2>\nSchreib uns in das Anmeldeformular wer uns empfohlen hat. Nach Deiner ersten Bestellung erhaltet Ihr beide 25 Euro Rabatt auf Euren n\u00e4chsten Einkauf.\n<h2>\n\t\t Melde Dich einfach an! Wir setzen einen Gewerbeschein und eine floristische Ausbildung voraus.\n\t<\/h2>\n\t\n<div class=\"wpcf7 no-js\" id=\"wpcf7-f2106-o1\" lang=\"nl-NL\" dir=\"ltr\" data-wpcf7-id=\"2106\">\n<div class=\"screen-reader-response\"><p role=\"status\" aria-live=\"polite\" aria-atomic=\"true\"><\/p> <ul><\/ul><\/div>\n<form action=\"\/nl\/wp-json\/wp\/v2\/pages\/1756#wpcf7-f2106-o1\" method=\"post\" class=\"wpcf7-form init\" aria-label=\"Contactformulier\" novalidate=\"novalidate\" data-status=\"init\">\n<fieldset class=\"hidden-fields-container\"><input type=\"hidden\" name=\"_wpcf7\" value=\"2106\" \/><input type=\"hidden\" name=\"_wpcf7_version\" value=\"6.1.5\" \/><input type=\"hidden\" name=\"_wpcf7_locale\" value=\"nl_NL\" \/><input type=\"hidden\" name=\"_wpcf7_unit_tag\" value=\"wpcf7-f2106-o1\" \/><input type=\"hidden\" name=\"_wpcf7_container_post\" value=\"0\" \/><input type=\"hidden\" name=\"_wpcf7_posted_data_hash\" value=\"\" \/><input type=\"hidden\" name=\"_wpcf7_recaptcha_response\" value=\"\" \/>\n<\/fieldset>\n<p><span class=\"wpcf7-form-control-wrap\" data-name=\"Firmenname\"><input size=\"40\" maxlength=\"400\" class=\"wpcf7-form-control wpcf7-text wpcf7-validates-as-required\" aria-required=\"true\" aria-invalid=\"false\" placeholder=\"Bedrijfsnaam*\" value=\"\" type=\"text\" name=\"Firmenname\" \/><\/span>\n<\/p>\n<p><span class=\"wpcf7-form-control-wrap\" data-name=\"your-name\"><input size=\"40\" maxlength=\"400\" class=\"wpcf7-form-control wpcf7-text wpcf7-validates-as-required\" aria-required=\"true\" aria-invalid=\"false\" placeholder=\"Contactpersoon*\" value=\"\" type=\"text\" name=\"your-name\" \/><\/span>\n<\/p>\n<p><span class=\"wpcf7-form-control-wrap\" data-name=\"your-email\"><input size=\"40\" maxlength=\"400\" class=\"wpcf7-form-control wpcf7-email wpcf7-validates-as-required wpcf7-text wpcf7-validates-as-email\" aria-required=\"true\" aria-invalid=\"false\" placeholder=\"E-mailadres*\" value=\"\" type=\"email\" name=\"your-email\" \/><\/span>\n<\/p>\n<p><span class=\"wpcf7-form-control-wrap\" data-name=\"tel-236\"><input size=\"40\" maxlength=\"400\" class=\"wpcf7-form-control wpcf7-tel wpcf7-validates-as-required wpcf7-text wpcf7-validates-as-tel\" aria-required=\"true\" aria-invalid=\"false\" placeholder=\"Telefoonnummer*\" value=\"\" type=\"tel\" name=\"tel-236\" \/><\/span>\n<\/p>\n<p><span class=\"wpcf7-form-control-wrap\" data-name=\"text-795\"><input size=\"40\" maxlength=\"400\" class=\"wpcf7-form-control wpcf7-text wpcf7-validates-as-required\" aria-required=\"true\" aria-invalid=\"false\" placeholder=\"Land*\" value=\"\" type=\"text\" name=\"text-795\" \/><\/span>\n<\/p>\n<p><span class=\"wpcf7-form-control-wrap\" data-name=\"Empfohlendurch\"><input size=\"40\" maxlength=\"400\" class=\"wpcf7-form-control wpcf7-text\" aria-invalid=\"false\" placeholder=\"Aanbevolen door: Naam, postcode\" value=\"\" type=\"text\" name=\"Empfohlendurch\" \/><\/span>\n<\/p>\n<p><label>KVK-nummer:*<br \/>\n<span class=\"wpcf7-form-control-wrap\" data-name=\"KVK\"><input size=\"40\" maxlength=\"400\" class=\"wpcf7-form-control wpcf7-text wpcf7-validates-as-required\" aria-required=\"true\" aria-invalid=\"false\" placeholder=\"KVK-nummer\" value=\"\" type=\"text\" name=\"KVK\" \/><\/span><\/label>\n<\/p>\n<p><input class=\"wpcf7-form-control wpcf7-submit has-spinner\" type=\"submit\" value=\"Verzenden\" \/>\n<\/p><input type='hidden' class='wpcf7-pum' value='{\"closepopup\":false,\"closedelay\":0,\"openpopup\":false,\"openpopup_id\":0}' \/><div class=\"wpcf7-response-output\" aria-hidden=\"true\"><\/div>\n<\/form>\n<\/div>\n\n<h2>\n\t\tSobald Du Deine Zugangsdaten bekommen hast funktioniert es so&#8230;\n\t<\/h2>\n\t\t\t\t<a href=\"https:\/\/www.youtube.com\/watch?v=CSZBUn0bYsQ\" target=\"_blank\" rel=\"noopener\" itemprop=\"url\">\n\t\t\t\t<img decoding=\"async\" data-src=\"https:\/\/greenzone-blumen.de\/wp-content\/uploads\/2021\/09\/wie-funktionierts-greenzone-play-video.jpg\" alt=\"wie funktionierts GreenZone play video\" itemprop=\"image\" height=\"500\" width=\"800\" title=\"wie-funktionierts-greenzone-play-video\" onerror=\"this.style.display='none'\" src=\"data:image\/svg+xml;base64,PHN2ZyB3aWR0aD0iMSIgaGVpZ2h0PSIxIiB4bWxucz0iaHR0cDovL3d3dy53My5vcmcvMjAwMC9zdmciPjwvc3ZnPg==\" class=\"lazyload\" style=\"--smush-placeholder-width: 800px; --smush-placeholder-aspect-ratio: 800\/500;\" \/>\n\t\t\t\t<\/a>\n\t\t\t<blockquote><h4>Wir sind seit Jahren begeisterter Kunde und k\u00f6nnen GreenZone nur weiterempfehlen.<\/h4><p><em>&#8211; Blumen Dodel<\/em><\/p><\/blockquote>\t\t\n\t\t\t<blockquote><h4>Perfekte Qualit\u00e4t und man hat immer einen Ansprechpartner f\u00fcr jedes Anliegen.<\/h4><p><em>&#8211; Blumenwiese Meiran<\/em><\/p><\/blockquote>\t\t\n\t\t<h4>du m\u00f6chtest kunde werden?<\/h4>\n\t\t<p>Melde Dich jetzt unverbindlich \u00fcber unser Kontaktformular an<\/p>\n\t\t\t<a href=\"http:\/\/greenzone-blumen.de\/kunde-werden\/\" target=\"_self\" rel=\"noopener\">\n\t\t\t\t\t\t\tKunde werden\n\t\t\t\t\t<\/a>\n\n","protected":false},"excerpt":{"rendered":"<p>kunde werden bei greenzone Du bist in der Floristik Branche t\u00e4tig und hast Dein eigenes Fachgesch\u00e4ft? Dann ist GreenZone der ideale Partner f\u00fcr Dich und Dein Gesch\u00e4ft. In einigen, wenigen Schritten erh\u00e4ltst Du Deine Zugangsdaten, mit denen Du ganz einfach in unserem Onlineshop bestellen kannst. M\u00f6chtest Du vorher schon mal st\u00f6bern, dann schau Dich\u00a0 gerne&hellip;<\/p>\n","protected":false},"author":2,"featured_media":0,"parent":0,"menu_order":0,"comment_status":"closed","ping_status":"closed","template":"","meta":{"inline_featured_image":false,"footnotes":""},"class_list":["post-1756","page","type-page","status-publish","hentry"],"yoast_head":"<!-- This site is optimized with the Yoast SEO plugin v27.2 - https:\/\/yoast.com\/product\/yoast-seo-wordpress\/ -->\n<title>Klant worden bij GreenZone GmbH<\/title>\n<meta name=\"description\" content=\"GreenZone GmbH biedt een compleet assortiment voor bloemisten. Wil jij ook klant worden? Meld je dan geheel vrijblijvend aan via het klantformulier.\" \/>\n<meta name=\"robots\" content=\"index, follow, max-snippet:-1, max-image-preview:large, max-video-preview:-1\" \/>\n<link rel=\"canonical\" href=\"https:\/\/greenzone-blumen.de\/nl\/klant-worden\/\" \/>\n<meta property=\"og:locale\" content=\"nl_NL\" \/>\n<meta property=\"og:type\" content=\"article\" \/>\n<meta property=\"og:title\" content=\"Klant worden bij GreenZone GmbH\" \/>\n<meta property=\"og:description\" content=\"GreenZone GmbH biedt een compleet assortiment voor bloemisten. Wil jij ook klant worden? Meld je dan geheel vrijblijvend aan via het klantformulier.\" \/>\n<meta property=\"og:url\" content=\"https:\/\/greenzone-blumen.de\/nl\/klant-worden\/\" \/>\n<meta property=\"og:site_name\" content=\"Greenzone GmbH\" \/>\n<meta property=\"article:modified_time\" content=\"2025-08-28T14:24:49+00:00\" \/>\n<meta property=\"og:image\" content=\"https:\/\/greenzone-blumen.de\/wp-content\/uploads\/2021\/09\/wie-funktionierts-greenzone-play-video.jpg\" \/>\n<meta name=\"twitter:card\" content=\"summary_large_image\" \/>\n<meta name=\"twitter:label1\" content=\"Geschatte leestijd\" \/>\n\t<meta name=\"twitter:data1\" content=\"1 minuut\" \/>\n<script type=\"application\/ld+json\" class=\"yoast-schema-graph\">{\"@context\":\"https:\/\/schema.org\",\"@graph\":[{\"@type\":\"WebPage\",\"@id\":\"https:\/\/greenzone-blumen.de\/nl\/klant-worden\/\",\"url\":\"https:\/\/greenzone-blumen.de\/nl\/klant-worden\/\",\"name\":\"Klant worden bij GreenZone GmbH\",\"isPartOf\":{\"@id\":\"https:\/\/greenzone-blumen.de\/nl\/#website\"},\"primaryImageOfPage\":{\"@id\":\"https:\/\/greenzone-blumen.de\/nl\/klant-worden\/#primaryimage\"},\"image\":{\"@id\":\"https:\/\/greenzone-blumen.de\/nl\/klant-worden\/#primaryimage\"},\"thumbnailUrl\":\"https:\/\/greenzone-blumen.de\/wp-content\/uploads\/2021\/09\/wie-funktionierts-greenzone-play-video.jpg\",\"datePublished\":\"2021-10-25T09:55:21+00:00\",\"dateModified\":\"2025-08-28T14:24:49+00:00\",\"description\":\"GreenZone GmbH biedt een compleet assortiment voor bloemisten. Wil jij ook klant worden? Meld je dan geheel vrijblijvend aan via het klantformulier.\",\"breadcrumb\":{\"@id\":\"https:\/\/greenzone-blumen.de\/nl\/klant-worden\/#breadcrumb\"},\"inLanguage\":\"nl-NL\",\"potentialAction\":[{\"@type\":\"ReadAction\",\"target\":[\"https:\/\/greenzone-blumen.de\/nl\/klant-worden\/\"]}]},{\"@type\":\"ImageObject\",\"inLanguage\":\"nl-NL\",\"@id\":\"https:\/\/greenzone-blumen.de\/nl\/klant-worden\/#primaryimage\",\"url\":\"https:\/\/greenzone-blumen.de\/wp-content\/uploads\/2021\/09\/wie-funktionierts-greenzone-play-video.jpg\",\"contentUrl\":\"https:\/\/greenzone-blumen.de\/wp-content\/uploads\/2021\/09\/wie-funktionierts-greenzone-play-video.jpg\"},{\"@type\":\"BreadcrumbList\",\"@id\":\"https:\/\/greenzone-blumen.de\/nl\/klant-worden\/#breadcrumb\",\"itemListElement\":[{\"@type\":\"ListItem\",\"position\":1,\"name\":\"Home\",\"item\":\"https:\/\/greenzone-blumen.de\/nl\/home-nieuw\/\"},{\"@type\":\"ListItem\",\"position\":2,\"name\":\"Klant worden\"}]},{\"@type\":\"WebSite\",\"@id\":\"https:\/\/greenzone-blumen.de\/nl\/#website\",\"url\":\"https:\/\/greenzone-blumen.de\/nl\/\",\"name\":\"Greenzone GmbH\",\"description\":\"Da freu ich mich drauf\",\"potentialAction\":[{\"@type\":\"SearchAction\",\"target\":{\"@type\":\"EntryPoint\",\"urlTemplate\":\"https:\/\/greenzone-blumen.de\/nl\/?s={search_term_string}\"},\"query-input\":{\"@type\":\"PropertyValueSpecification\",\"valueRequired\":true,\"valueName\":\"search_term_string\"}}],\"inLanguage\":\"nl-NL\"}]}<\/script>\n<!-- \/ Yoast SEO plugin. -->","yoast_head_json":{"title":"Klant worden bij GreenZone GmbH","description":"GreenZone GmbH biedt een compleet assortiment voor bloemisten. Wil jij ook klant worden? Meld je dan geheel vrijblijvend aan via het klantformulier.","robots":{"index":"index","follow":"follow","max-snippet":"max-snippet:-1","max-image-preview":"max-image-preview:large","max-video-preview":"max-video-preview:-1"},"canonical":"https:\/\/greenzone-blumen.de\/nl\/klant-worden\/","og_locale":"nl_NL","og_type":"article","og_title":"Klant worden bij GreenZone GmbH","og_description":"GreenZone GmbH biedt een compleet assortiment voor bloemisten. Wil jij ook klant worden? Meld je dan geheel vrijblijvend aan via het klantformulier.","og_url":"https:\/\/greenzone-blumen.de\/nl\/klant-worden\/","og_site_name":"Greenzone GmbH","article_modified_time":"2025-08-28T14:24:49+00:00","og_image":[{"url":"https:\/\/greenzone-blumen.de\/wp-content\/uploads\/2021\/09\/wie-funktionierts-greenzone-play-video.jpg","type":"","width":"","height":""}],"twitter_card":"summary_large_image","twitter_misc":{"Geschatte leestijd":"1 minuut"},"schema":{"@context":"https:\/\/schema.org","@graph":[{"@type":"WebPage","@id":"https:\/\/greenzone-blumen.de\/nl\/klant-worden\/","url":"https:\/\/greenzone-blumen.de\/nl\/klant-worden\/","name":"Klant worden bij GreenZone GmbH","isPartOf":{"@id":"https:\/\/greenzone-blumen.de\/nl\/#website"},"primaryImageOfPage":{"@id":"https:\/\/greenzone-blumen.de\/nl\/klant-worden\/#primaryimage"},"image":{"@id":"https:\/\/greenzone-blumen.de\/nl\/klant-worden\/#primaryimage"},"thumbnailUrl":"https:\/\/greenzone-blumen.de\/wp-content\/uploads\/2021\/09\/wie-funktionierts-greenzone-play-video.jpg","datePublished":"2021-10-25T09:55:21+00:00","dateModified":"2025-08-28T14:24:49+00:00","description":"GreenZone GmbH biedt een compleet assortiment voor bloemisten. Wil jij ook klant worden? Meld je dan geheel vrijblijvend aan via het klantformulier.","breadcrumb":{"@id":"https:\/\/greenzone-blumen.de\/nl\/klant-worden\/#breadcrumb"},"inLanguage":"nl-NL","potentialAction":[{"@type":"ReadAction","target":["https:\/\/greenzone-blumen.de\/nl\/klant-worden\/"]}]},{"@type":"ImageObject","inLanguage":"nl-NL","@id":"https:\/\/greenzone-blumen.de\/nl\/klant-worden\/#primaryimage","url":"https:\/\/greenzone-blumen.de\/wp-content\/uploads\/2021\/09\/wie-funktionierts-greenzone-play-video.jpg","contentUrl":"https:\/\/greenzone-blumen.de\/wp-content\/uploads\/2021\/09\/wie-funktionierts-greenzone-play-video.jpg"},{"@type":"BreadcrumbList","@id":"https:\/\/greenzone-blumen.de\/nl\/klant-worden\/#breadcrumb","itemListElement":[{"@type":"ListItem","position":1,"name":"Home","item":"https:\/\/greenzone-blumen.de\/nl\/home-nieuw\/"},{"@type":"ListItem","position":2,"name":"Klant worden"}]},{"@type":"WebSite","@id":"https:\/\/greenzone-blumen.de\/nl\/#website","url":"https:\/\/greenzone-blumen.de\/nl\/","name":"Greenzone GmbH","description":"Da freu ich mich drauf","potentialAction":[{"@type":"SearchAction","target":{"@type":"EntryPoint","urlTemplate":"https:\/\/greenzone-blumen.de\/nl\/?s={search_term_string}"},"query-input":{"@type":"PropertyValueSpecification","valueRequired":true,"valueName":"search_term_string"}}],"inLanguage":"nl-NL"}]}},"_links":{"self":[{"href":"https:\/\/greenzone-blumen.de\/nl\/wp-json\/wp\/v2\/pages\/1756","targetHints":{"allow":["GET"]}}],"collection":[{"href":"https:\/\/greenzone-blumen.de\/nl\/wp-json\/wp\/v2\/pages"}],"about":[{"href":"https:\/\/greenzone-blumen.de\/nl\/wp-json\/wp\/v2\/types\/page"}],"author":[{"embeddable":true,"href":"https:\/\/greenzone-blumen.de\/nl\/wp-json\/wp\/v2\/users\/2"}],"replies":[{"embeddable":true,"href":"https:\/\/greenzone-blumen.de\/nl\/wp-json\/wp\/v2\/comments?post=1756"}],"version-history":[{"count":4,"href":"https:\/\/greenzone-blumen.de\/nl\/wp-json\/wp\/v2\/pages\/1756\/revisions"}],"predecessor-version":[{"id":6614,"href":"https:\/\/greenzone-blumen.de\/nl\/wp-json\/wp\/v2\/pages\/1756\/revisions\/6614"}],"wp:attachment":[{"href":"https:\/\/greenzone-blumen.de\/nl\/wp-json\/wp\/v2\/media?parent=1756"}],"curies":[{"name":"wp","href":"https:\/\/api.w.org\/{rel}","templated":true}]}}