{"id":1750,"date":"2021-10-25T08:17:42","date_gmt":"2021-10-25T08:17:42","guid":{"rendered":"http:\/\/greenzone-blumen.de\/over-greenzone\/"},"modified":"2025-08-28T13:39:59","modified_gmt":"2025-08-28T13:39:59","slug":"over-greenzone","status":"publish","type":"page","link":"https:\/\/greenzone-blumen.de\/nl\/over-greenzone\/","title":{"rendered":"Over Greenzone"},"content":{"rendered":"\n\n\t<h3>&#8220;da freu ich mich drauf&#8221;<\/h3>\n<h1>\n\t\tdas sind wir!\n\t<\/h1>\n\t<p>Loe Rutten Gesch\u00e4ftsf\u00fchrer des Unternehmens, alter Hase in der Blumenbranche und Pionier im Online Verkauf von Blumen hat das Unternehmen im Jahr 2005 gegr\u00fcndet. GreenZone ist durch seine langj\u00e4hrige Erfahrung zu einem zuverl\u00e4ssig agierenden Lieferanten in der floristischen Branche geworden.<\/p>\n<p>Das Unternehmen hat sich dem modernen Zeitalter angepasst und ist durch einen innovativen State of the Art Onlineshop Vorreiter in Sachen Blumen-Online-Bestellsysteme geworden. &#8220;Als wir 2010 unseren Onlineshop er\u00f6ffnet haben, waren wir ein Pionier. In Deutschland fiel es den Floristen am Anfang schwer, sich auf diesen Bestellweg einzulassen. In den Niederlanden ging das schneller.&#8221; &#8211; Loe Rutten.<\/p>\n<p>Trotz innovativster Technik wird Wert auf ein famili\u00e4res Umfeld gelegt. Wer einmal in der \u201eGreenZone Familie&#8221; ist f\u00fchlt sich wohl und bleibt gerne.<\/p>\n\t<p>Floristen sind so vielf\u00e4ltig und verschieden wie Ihre Auftr\u00e4ge. Das GreenZone-Team bestehend aus Eink\u00e4ufern, Logistikern, Marketing-Spezialisten, qualifizierten Verk\u00e4ufern und eigenen Floristen,\u00a0 stellt sich t\u00e4glich dieser Herausforderung die Anforderungen an diese besondere Kundengruppe\u00a0zu erf\u00fcllen. Durch die Expertise des Teams kann auf kleinste Ver\u00e4nderungen im Markt reagiert werden und branchentypische Feiertage wie der Valentinstag oder der Muttertag sind keine Herausforderungen.<\/p>\n<p>Das Unternehmen bietet ein Gesamtpaket f\u00fcr den floristischen Fachhandel und m\u00f6chte sich in Zukunft zum pr\u00e4ferierten Lieferanten im Bereich Schnittblumen, Schnittgr\u00fcn und Pflanzen in Deutschland und \u00d6sterreich, f\u00fcr Floristen, etablieren.<\/p>\n<p>&nbsp;<\/p>\n\t\t\t<a href=\"http:\/\/greenzone-blumen.de\/kontakt\/\" target=\"_self\" rel=\"noopener\">\n\t\t\t\t\t\t\tDu hast Fragen? Dann melde Dich bei uns!\n\t\t\t\t\t<\/a>\n\t\t\t\t<img decoding=\"async\" data-src=\"https:\/\/greenzone-blumen.de\/wp-content\/uploads\/2021\/08\/greenzone-wer-sind-wir.jpg\" alt=\"Wer sind wir GreenZone GmbH\" itemprop=\"image\" title=\"greenzone-wer-sind-wir\" onerror=\"this.style.display='none'\" src=\"data:image\/svg+xml;base64,PHN2ZyB3aWR0aD0iMSIgaGVpZ2h0PSIxIiB4bWxucz0iaHR0cDovL3d3dy53My5vcmcvMjAwMC9zdmciPjwvc3ZnPg==\" class=\"lazyload\" style=\"--smush-placeholder-width: 800px; --smush-placeholder-aspect-ratio: 800\/533;\" \/>\n<h1>\n\t\tunsere partner\n\t<\/h1>\n\t\t\t\t<a href=\"https:\/\/www.paardekooper.nl\/de_DE\/\" target=\"_blank\" rel=\"noopener\" itemprop=\"url\">\n\t\t\t\t<img decoding=\"async\" data-src=\"https:\/\/greenzone-blumen.de\/wp-content\/uploads\/2024\/08\/logo-paardekoper-partner-greenzone.jpg\" alt=\"logo-paardekoper-partner-greenzone\" itemprop=\"image\" height=\"150\" width=\"300\" title=\"logo-paardekoper-partner-greenzone\" onerror=\"this.style.display='none'\" src=\"data:image\/svg+xml;base64,PHN2ZyB3aWR0aD0iMSIgaGVpZ2h0PSIxIiB4bWxucz0iaHR0cDovL3d3dy53My5vcmcvMjAwMC9zdmciPjwvc3ZnPg==\" class=\"lazyload\" style=\"--smush-placeholder-width: 300px; --smush-placeholder-aspect-ratio: 300\/150;\" \/>\n\t\t\t\t<\/a>\n\t\t\t\t<a href=\"https:\/\/javadoplant.com\/?lang=de\" target=\"_blank\" rel=\"noopener\" itemprop=\"url\">\n\t\t\t\t<img decoding=\"async\" data-src=\"https:\/\/greenzone-blumen.de\/wp-content\/uploads\/2021\/08\/Logo-Javado.jpg\" alt=\"Logo-Javado\" itemprop=\"image\" title=\"Logo-Javado\" onerror=\"this.style.display='none'\" src=\"data:image\/svg+xml;base64,PHN2ZyB3aWR0aD0iMSIgaGVpZ2h0PSIxIiB4bWxucz0iaHR0cDovL3d3dy53My5vcmcvMjAwMC9zdmciPjwvc3ZnPg==\" class=\"lazyload\" style=\"--smush-placeholder-width: 300px; --smush-placeholder-aspect-ratio: 300\/150;\" \/>\n\t\t\t\t<\/a>\n\t\t\t\t<a href=\"https:\/\/www.fleurop.de\/\" target=\"_blank\" rel=\"noopener\" itemprop=\"url\">\n\t\t\t\t<img decoding=\"async\" data-src=\"https:\/\/greenzone-blumen.de\/wp-content\/uploads\/2021\/08\/Logo-Fleurop.jpg\" alt=\"Logo-Fleurop\" itemprop=\"image\" title=\"Logo-Fleurop\" onerror=\"this.style.display='none'\" src=\"data:image\/svg+xml;base64,PHN2ZyB3aWR0aD0iMSIgaGVpZ2h0PSIxIiB4bWxucz0iaHR0cDovL3d3dy53My5vcmcvMjAwMC9zdmciPjwvc3ZnPg==\" class=\"lazyload\" style=\"--smush-placeholder-width: 300px; --smush-placeholder-aspect-ratio: 300\/150;\" \/>\n\t\t\t\t<\/a>\n\t\t\t\t<a href=\"https:\/\/www.general-overnight.com\/\" target=\"_blank\" rel=\"noopener\" itemprop=\"url\">\n\t\t\t\t<img decoding=\"async\" data-src=\"https:\/\/greenzone-blumen.de\/wp-content\/uploads\/2021\/08\/Logo-Go.jpg\" alt=\"Logo-Go\" itemprop=\"image\" title=\"Logo-Go\" onerror=\"this.style.display='none'\" src=\"data:image\/svg+xml;base64,PHN2ZyB3aWR0aD0iMSIgaGVpZ2h0PSIxIiB4bWxucz0iaHR0cDovL3d3dy53My5vcmcvMjAwMC9zdmciPjwvc3ZnPg==\" class=\"lazyload\" style=\"--smush-placeholder-width: 300px; --smush-placeholder-aspect-ratio: 300\/150;\" \/>\n\t\t\t\t<\/a>\n\t\t\t\t<a href=\"https:\/\/www.wbe.nl\" target=\"_blank\" rel=\"noopener\" itemprop=\"url\">\n\t\t\t\t<img decoding=\"async\" data-src=\"https:\/\/greenzone-blumen.de\/wp-content\/uploads\/2021\/08\/Logo-WBE.jpg\" alt=\"Logo-WBE\" itemprop=\"image\" title=\"Logo-WBE\" onerror=\"this.style.display='none'\" src=\"data:image\/svg+xml;base64,PHN2ZyB3aWR0aD0iMSIgaGVpZ2h0PSIxIiB4bWxucz0iaHR0cDovL3d3dy53My5vcmcvMjAwMC9zdmciPjwvc3ZnPg==\" class=\"lazyload\" style=\"--smush-placeholder-width: 300px; --smush-placeholder-aspect-ratio: 300\/150;\" \/>\n\t\t\t\t<\/a>\n\t\t<h4>du m\u00f6chtest kunde werden?<\/h4>\n\t\t<p>Melde Dich jetzt unverbindlich \u00fcber unser Kontaktformular an<\/p>\n\t\t\t<a href=\"http:\/\/greenzone-blumen.de\/kunde-werden\/\" target=\"_self\" rel=\"noopener\">\n\t\t\t\t\t\t\tKunde werden\n\t\t\t\t\t<\/a>\n\n","protected":false},"excerpt":{"rendered":"<p>&#8220;da freu ich mich drauf&#8221; das sind wir! Loe Rutten Gesch\u00e4ftsf\u00fchrer des Unternehmens, alter Hase in der Blumenbranche und Pionier im Online Verkauf von Blumen hat das Unternehmen im Jahr 2005 gegr\u00fcndet. GreenZone ist durch seine langj\u00e4hrige Erfahrung zu einem zuverl\u00e4ssig agierenden Lieferanten in der floristischen Branche geworden. Das Unternehmen hat sich dem modernen Zeitalter&hellip;<\/p>\n","protected":false},"author":2,"featured_media":0,"parent":0,"menu_order":0,"comment_status":"closed","ping_status":"closed","template":"","meta":{"inline_featured_image":false,"footnotes":""},"class_list":["post-1750","page","type-page","status-publish","hentry"],"yoast_head":"<!-- This site is optimized with the Yoast SEO plugin v27.2 - https:\/\/yoast.com\/product\/yoast-seo-wordpress\/ -->\n<title>Over GreenZone - GreenZone GmbH<\/title>\n<meta name=\"description\" content=\"GreenZone is opgericht in 2005. Het bedrijf is nu een betrouwbare leverancier voor de bloemisterij-industrie.\" \/>\n<meta name=\"robots\" content=\"index, follow, max-snippet:-1, max-image-preview:large, max-video-preview:-1\" \/>\n<link rel=\"canonical\" href=\"https:\/\/greenzone-blumen.de\/nl\/over-greenzone\/\" \/>\n<meta property=\"og:locale\" content=\"nl_NL\" \/>\n<meta property=\"og:type\" content=\"article\" \/>\n<meta property=\"og:title\" content=\"Over GreenZone - GreenZone GmbH\" \/>\n<meta property=\"og:description\" content=\"GreenZone is opgericht in 2005. Het bedrijf is nu een betrouwbare leverancier voor de bloemisterij-industrie.\" \/>\n<meta property=\"og:url\" content=\"https:\/\/greenzone-blumen.de\/nl\/over-greenzone\/\" \/>\n<meta property=\"og:site_name\" content=\"Greenzone GmbH\" \/>\n<meta property=\"article:modified_time\" content=\"2025-08-28T13:39:59+00:00\" \/>\n<meta property=\"og:image\" content=\"https:\/\/greenzone-blumen.de\/wp-content\/uploads\/2021\/08\/greenzone-wer-sind-wir.jpg\" \/>\n<meta name=\"twitter:card\" content=\"summary_large_image\" \/>\n<meta name=\"twitter:label1\" content=\"Geschatte leestijd\" \/>\n\t<meta name=\"twitter:data1\" content=\"1 minuut\" \/>\n<script type=\"application\/ld+json\" class=\"yoast-schema-graph\">{\"@context\":\"https:\/\/schema.org\",\"@graph\":[{\"@type\":\"WebPage\",\"@id\":\"https:\/\/greenzone-blumen.de\/nl\/over-greenzone\/\",\"url\":\"https:\/\/greenzone-blumen.de\/nl\/over-greenzone\/\",\"name\":\"Over GreenZone - GreenZone GmbH\",\"isPartOf\":{\"@id\":\"https:\/\/greenzone-blumen.de\/nl\/#website\"},\"primaryImageOfPage\":{\"@id\":\"https:\/\/greenzone-blumen.de\/nl\/over-greenzone\/#primaryimage\"},\"image\":{\"@id\":\"https:\/\/greenzone-blumen.de\/nl\/over-greenzone\/#primaryimage\"},\"thumbnailUrl\":\"https:\/\/greenzone-blumen.de\/wp-content\/uploads\/2021\/08\/greenzone-wer-sind-wir.jpg\",\"datePublished\":\"2021-10-25T08:17:42+00:00\",\"dateModified\":\"2025-08-28T13:39:59+00:00\",\"description\":\"GreenZone is opgericht in 2005. Het bedrijf is nu een betrouwbare leverancier voor de bloemisterij-industrie.\",\"breadcrumb\":{\"@id\":\"https:\/\/greenzone-blumen.de\/nl\/over-greenzone\/#breadcrumb\"},\"inLanguage\":\"nl-NL\",\"potentialAction\":[{\"@type\":\"ReadAction\",\"target\":[\"https:\/\/greenzone-blumen.de\/nl\/over-greenzone\/\"]}]},{\"@type\":\"ImageObject\",\"inLanguage\":\"nl-NL\",\"@id\":\"https:\/\/greenzone-blumen.de\/nl\/over-greenzone\/#primaryimage\",\"url\":\"https:\/\/greenzone-blumen.de\/wp-content\/uploads\/2021\/08\/greenzone-wer-sind-wir.jpg\",\"contentUrl\":\"https:\/\/greenzone-blumen.de\/wp-content\/uploads\/2021\/08\/greenzone-wer-sind-wir.jpg\"},{\"@type\":\"BreadcrumbList\",\"@id\":\"https:\/\/greenzone-blumen.de\/nl\/over-greenzone\/#breadcrumb\",\"itemListElement\":[{\"@type\":\"ListItem\",\"position\":1,\"name\":\"Home\",\"item\":\"https:\/\/greenzone-blumen.de\/nl\/home-nieuw\/\"},{\"@type\":\"ListItem\",\"position\":2,\"name\":\"Over Greenzone\"}]},{\"@type\":\"WebSite\",\"@id\":\"https:\/\/greenzone-blumen.de\/nl\/#website\",\"url\":\"https:\/\/greenzone-blumen.de\/nl\/\",\"name\":\"Greenzone GmbH\",\"description\":\"Da freu ich mich drauf\",\"potentialAction\":[{\"@type\":\"SearchAction\",\"target\":{\"@type\":\"EntryPoint\",\"urlTemplate\":\"https:\/\/greenzone-blumen.de\/nl\/?s={search_term_string}\"},\"query-input\":{\"@type\":\"PropertyValueSpecification\",\"valueRequired\":true,\"valueName\":\"search_term_string\"}}],\"inLanguage\":\"nl-NL\"}]}<\/script>\n<!-- \/ Yoast SEO plugin. -->","yoast_head_json":{"title":"Over GreenZone - GreenZone GmbH","description":"GreenZone is opgericht in 2005. Het bedrijf is nu een betrouwbare leverancier voor de bloemisterij-industrie.","robots":{"index":"index","follow":"follow","max-snippet":"max-snippet:-1","max-image-preview":"max-image-preview:large","max-video-preview":"max-video-preview:-1"},"canonical":"https:\/\/greenzone-blumen.de\/nl\/over-greenzone\/","og_locale":"nl_NL","og_type":"article","og_title":"Over GreenZone - GreenZone GmbH","og_description":"GreenZone is opgericht in 2005. Het bedrijf is nu een betrouwbare leverancier voor de bloemisterij-industrie.","og_url":"https:\/\/greenzone-blumen.de\/nl\/over-greenzone\/","og_site_name":"Greenzone GmbH","article_modified_time":"2025-08-28T13:39:59+00:00","og_image":[{"url":"https:\/\/greenzone-blumen.de\/wp-content\/uploads\/2021\/08\/greenzone-wer-sind-wir.jpg","type":"","width":"","height":""}],"twitter_card":"summary_large_image","twitter_misc":{"Geschatte leestijd":"1 minuut"},"schema":{"@context":"https:\/\/schema.org","@graph":[{"@type":"WebPage","@id":"https:\/\/greenzone-blumen.de\/nl\/over-greenzone\/","url":"https:\/\/greenzone-blumen.de\/nl\/over-greenzone\/","name":"Over GreenZone - GreenZone GmbH","isPartOf":{"@id":"https:\/\/greenzone-blumen.de\/nl\/#website"},"primaryImageOfPage":{"@id":"https:\/\/greenzone-blumen.de\/nl\/over-greenzone\/#primaryimage"},"image":{"@id":"https:\/\/greenzone-blumen.de\/nl\/over-greenzone\/#primaryimage"},"thumbnailUrl":"https:\/\/greenzone-blumen.de\/wp-content\/uploads\/2021\/08\/greenzone-wer-sind-wir.jpg","datePublished":"2021-10-25T08:17:42+00:00","dateModified":"2025-08-28T13:39:59+00:00","description":"GreenZone is opgericht in 2005. Het bedrijf is nu een betrouwbare leverancier voor de bloemisterij-industrie.","breadcrumb":{"@id":"https:\/\/greenzone-blumen.de\/nl\/over-greenzone\/#breadcrumb"},"inLanguage":"nl-NL","potentialAction":[{"@type":"ReadAction","target":["https:\/\/greenzone-blumen.de\/nl\/over-greenzone\/"]}]},{"@type":"ImageObject","inLanguage":"nl-NL","@id":"https:\/\/greenzone-blumen.de\/nl\/over-greenzone\/#primaryimage","url":"https:\/\/greenzone-blumen.de\/wp-content\/uploads\/2021\/08\/greenzone-wer-sind-wir.jpg","contentUrl":"https:\/\/greenzone-blumen.de\/wp-content\/uploads\/2021\/08\/greenzone-wer-sind-wir.jpg"},{"@type":"BreadcrumbList","@id":"https:\/\/greenzone-blumen.de\/nl\/over-greenzone\/#breadcrumb","itemListElement":[{"@type":"ListItem","position":1,"name":"Home","item":"https:\/\/greenzone-blumen.de\/nl\/home-nieuw\/"},{"@type":"ListItem","position":2,"name":"Over Greenzone"}]},{"@type":"WebSite","@id":"https:\/\/greenzone-blumen.de\/nl\/#website","url":"https:\/\/greenzone-blumen.de\/nl\/","name":"Greenzone GmbH","description":"Da freu ich mich drauf","potentialAction":[{"@type":"SearchAction","target":{"@type":"EntryPoint","urlTemplate":"https:\/\/greenzone-blumen.de\/nl\/?s={search_term_string}"},"query-input":{"@type":"PropertyValueSpecification","valueRequired":true,"valueName":"search_term_string"}}],"inLanguage":"nl-NL"}]}},"_links":{"self":[{"href":"https:\/\/greenzone-blumen.de\/nl\/wp-json\/wp\/v2\/pages\/1750","targetHints":{"allow":["GET"]}}],"collection":[{"href":"https:\/\/greenzone-blumen.de\/nl\/wp-json\/wp\/v2\/pages"}],"about":[{"href":"https:\/\/greenzone-blumen.de\/nl\/wp-json\/wp\/v2\/types\/page"}],"author":[{"embeddable":true,"href":"https:\/\/greenzone-blumen.de\/nl\/wp-json\/wp\/v2\/users\/2"}],"replies":[{"embeddable":true,"href":"https:\/\/greenzone-blumen.de\/nl\/wp-json\/wp\/v2\/comments?post=1750"}],"version-history":[{"count":11,"href":"https:\/\/greenzone-blumen.de\/nl\/wp-json\/wp\/v2\/pages\/1750\/revisions"}],"predecessor-version":[{"id":5964,"href":"https:\/\/greenzone-blumen.de\/nl\/wp-json\/wp\/v2\/pages\/1750\/revisions\/5964"}],"wp:attachment":[{"href":"https:\/\/greenzone-blumen.de\/nl\/wp-json\/wp\/v2\/media?parent=1750"}],"curies":[{"name":"wp","href":"https:\/\/api.w.org\/{rel}","templated":true}]}}