{"id":1835,"date":"2022-02-08T10:31:31","date_gmt":"2022-02-08T10:31:31","guid":{"rendered":"http:\/\/greenzone-blumen.de\/frequently-asked-questions\/"},"modified":"2025-03-12T09:00:18","modified_gmt":"2025-03-12T09:00:18","slug":"frequently-asked-questions","status":"publish","type":"page","link":"https:\/\/greenzone-blumen.de\/en\/frequently-asked-questions\/","title":{"rendered":"Frequently asked questions"},"content":{"rendered":"\n\n\t<h3>&#8220;da freu ich mich drauf&#8221;<\/h3>\n<h1>\n\t\th\u00e4ufig gestellte fragen\n\t<\/h1>\n\t\t\t\t\t<a href=\"#\" id=\"fl-accordion--label-0\" tabindex=\"0\" aria-controls=\"fl-accordion--panel-0\">Wie w\u00e4hle ich einen Versandtag aus? <\/a>\n\t\t\t\t\t\t\t\t\t\t\t<a href=\"#\" id=\"fl-accordion--icon-0\" tabindex=\"-1\"><i title=\"Collapse\">Collapse<\/i><\/a>\n\t\t\t\t\t<p>Sobald Du einen Vorrat ausgew\u00e4hlt hast siehst Du ein Kalendersymbol. W\u00e4hle einen gew\u00fcnschten Versandtag und gehe dann auf \u201eweiter einkaufen&#8221;. Dein gew\u00fcnschter Versandtag ist nun registriert. Es gilt immer: Den Versandtag den Du im Kalender w\u00e4hlst, ist immer der Tag an dem Deine Bestellung zusammengestellt wird. Einen Tag sp\u00e4ter erh\u00e4ltst Du Deine Bestellung zwischen 8:00 Uhr und 13:00 Uhr bei der von Dir angegebenen Adresse.<\/p>\n\t\t\t\t\t<a href=\"#\" id=\"fl-accordion--label-1\" tabindex=\"0\" aria-controls=\"fl-accordion--panel-1\">Welche verschiedenen Vorr\u00e4te\/Einkaufsm\u00f6glichkeiten gibt es? <\/a>\n\t\t\t\t\t\t\t\t\t\t\t<a href=\"#\" id=\"fl-accordion--icon-1\" tabindex=\"-1\"><i title=\"Expand\">Expand<\/i><\/a>\n\t\t\t\t\t<p>Es gibt 4 verschiedene Vorr\u00e4te\/Einkaufsm\u00f6glichkeiten bei GreenZone. Jedes Produkt wird mit einer Produktbeschreibung und einem Live-Foto gekennzeichnet.<\/p>\n<h4>Achten Sie auf die Produktbeschreibung<\/h4>\n<table width=\"100%\">\n<tbody>\n<tr>\n<td><strong>Kolli:<\/strong><\/td>\n<td>Einheit<\/td>\n<\/tr>\n<tr>\n<td><strong>Inhalt:<\/strong><\/td>\n<td>Inhalt pro Kolli<\/td>\n<\/tr>\n<tr>\n<td><strong>Anzahl:<\/strong><\/td>\n<td>Inhalt pro Kolli<\/td>\n<\/tr>\n<tr>\n<td><strong>Leergut:<\/strong><\/td>\n<td>Einheit f\u00fcr Versteigerungskunden<\/td>\n<\/tr>\n<tr>\n<td><strong>VE:<\/strong><\/td>\n<td>minimale Verkaufseinheit<\/td>\n<\/tr>\n<tr>\n<td><strong>Bund:<\/strong><\/td>\n<td>Stiele pro Bund<\/td>\n<\/tr>\n<tr>\n<td><strong>Z\u00fcchter:<\/strong><\/td>\n<td>G\u00e4rtner<\/td>\n<\/tr>\n<tr>\n<td><strong>Stiell\u00e4nge:<\/strong><\/td>\n<td>L\u00e4nge<\/td>\n<\/tr>\n<tr>\n<td><strong>Reifestadium:<\/strong><\/td>\n<td>Beispiel Rosen: 2-3 normales Verkaufsbl\u00fchstadium (Bei Fragen bitte melden!)<\/td>\n<\/tr>\n<tr>\n<td><strong>Herkunftsland: <\/strong><\/td>\n<td>Abk\u00fcrzung Produktionsland<\/td>\n<\/tr>\n<tr>\n<td><strong>Qualit\u00e4t:<\/strong><\/td>\n<td>Qualit\u00e4tseinstufung<\/td>\n<\/tr>\n<\/tbody>\n<\/table>\n<h4>GreenZone: Schnittblumen und Schnittgr\u00fcn<\/h4>\n<p>In diesem Vorrat findest Du unsere tagesaktuellen Produkte, die wir von GreenZone f\u00fcr Dich eingekauft haben. Wenn Du bis 14:00 Uhr in diesem Vorrat einkaufst liefern wir Dir die Produkte am Folgetag.<\/p>\n<h4>Direkt vom G\u00e4rtner: Schnittblumen<\/h4>\n<p>In diesem Vorrat findest Du eine gro\u00dfe Auswahl an Produkten die direkt bei dem G\u00e4rtner bestellt werden k\u00f6nnen.<\/p>\n<table width=\"100%\">\n<thead>\n<tr>\n<td><strong>W\u00e4hlbar von:\u00a0<\/strong><\/td>\n<td><strong>W\u00e4hlbar bis:\u00a0<\/strong><\/td>\n<td><strong>Versandtag<\/strong><\/td>\n<\/tr>\n<\/thead>\n<tbody>\n<tr>\n<td>Donnerstag 14:00 Uhr<\/td>\n<td>Freitag 06:00 Uhr<\/td>\n<td>Montag<\/td>\n<\/tr>\n<tr>\n<td>Freitag 06:00 Uhr<\/td>\n<td>Montag 06:00 Uhr<\/td>\n<td>Dienstag<\/td>\n<\/tr>\n<tr>\n<td>Montag 06:00 Uhr<\/td>\n<td>Dienstag 06:00 Uhr<\/td>\n<td>Mittwoch<\/td>\n<\/tr>\n<tr>\n<td>Dienstag 06:00 Uhr<\/td>\n<td>Mittwoch 06:00 Uhr<\/td>\n<td>Donnerstag<\/td>\n<\/tr>\n<tr>\n<td>Mittwoch 06:00 Uhr<\/td>\n<td>Donnerstag 06:00 Uhr<\/td>\n<td>Freitag<\/td>\n<\/tr>\n<\/tbody>\n<\/table>\n<h4>Pflanzen von Javadoplant<\/h4>\n<p>Unser Partner Javadoplant in Honselersdijk sorgt daf\u00fcr, dass Du verschiedene trendige Pflanzen bei GreenZone einkaufen kannst.<\/p>\n<table width=\"100%\">\n<thead>\n<tr>\n<td><strong>W\u00e4hlbar von:\u00a0<\/strong><\/td>\n<td><strong>W\u00e4hlbar bis:\u00a0<\/strong><\/td>\n<td><strong>Versandtag<\/strong><\/td>\n<\/tr>\n<\/thead>\n<tbody>\n<tr>\n<td>Donnerstag 00:00 Uhr<\/td>\n<td>\u00a0Montag 12:00 Uhr<\/td>\n<td>\u00a0Mittwoch<\/td>\n<\/tr>\n<\/tbody>\n<\/table>\n<p>&nbsp;<\/p>\n<h4>Floristen Bedarf von Paardekooper<\/h4>\n<p>\u00dcber das Unternehmen Paardekooper bieten wir Dir eine Vielzahl an verschiedensten Produkten f\u00fcr den t\u00e4glichen Bedarf in Deinem Floristikfachgesch\u00e4ft. Um Dir die Produkte von Paardekooper liefern zu k\u00f6nnen brauchen wir einen Tag extra Zeit.<\/p>\n\t\t\t\t\t<a href=\"#\" id=\"fl-accordion--label-2\" tabindex=\"0\" aria-controls=\"fl-accordion--panel-2\">Kann ich die\u00a0verschiedenen\u00a0Vorr\u00e4te\u00a0kombinieren?<\/a>\n\t\t\t\t\t\t\t\t\t\t\t<a href=\"#\" id=\"fl-accordion--icon-2\" tabindex=\"-1\"><i title=\"Expand\">Expand<\/i><\/a>\n\t\t\t\t\t<p>Ja nat\u00fcrlich kannst Du alle Vorr\u00e4te miteinander kombinieren. Achte besonders auf das gew\u00e4hlte Versanddatum, dieses kann sich durch das Wechseln des Vorrates \u00e4ndern. Es gilt immer: Den Tag den Du gew\u00e4hlt hast, ist der Tag an dem Deine Bestellung versandt wird. Einen Tag sp\u00e4ter erh\u00e4lst du diese in Deinem Gesch\u00e4ft.<\/p>\n\t\t\t\t\t<a href=\"#\" id=\"fl-accordion--label-3\" tabindex=\"0\" aria-controls=\"fl-accordion--panel-3\">Wie w\u00e4hle ich zwischen gesamten Kolli und der kleinsten Abnahmemenge aus?\u00a0<\/a>\n\t\t\t\t\t\t\t\t\t\t\t<a href=\"#\" id=\"fl-accordion--icon-3\" tabindex=\"-1\"><i title=\"Expand\">Expand<\/i><\/a>\n\t\t\t\t\t<p>Oben rechts findest Du einen Schieber. Schiebst Du diesen nach links, bestellst Du im ganzen Kolli (z.B. gesamter Eimer oder Karton). Schiebst Du diesen nach rechts, kaufst Du in der jeweils kleinsten Abnahmemenge (pro Stiele oder Bund) ein.<\/p>\n\t\t\t\t\t<a href=\"#\" id=\"fl-accordion--label-4\" tabindex=\"0\" aria-controls=\"fl-accordion--panel-4\">Gibt es einen Mindestbestellwert?<\/a>\n\t\t\t\t\t\t\t\t\t\t\t<a href=\"#\" id=\"fl-accordion--icon-4\" tabindex=\"-1\"><i title=\"Expand\">Expand<\/i><\/a>\n\t\t\t\t\t<p>Nein, man kann selbst f\u00fcr die kleinsten Bestellungen bei uns online bestellen.<\/p>\n<p>&nbsp;<\/p>\n<table width=\"371\">\n<tbody>\n<tr>\n<td><strong>Gesamtbestellwert\u00a0<\/strong><\/td>\n<td><strong>Extra Vers<\/strong><strong>andkosten<\/strong><\/td>\n<\/tr>\n<tr>\n<td>0,00\u20ac &#8211; 74,99\u20ac<\/td>\n<td>30,-\u20ac<\/td>\n<\/tr>\n<tr>\n<td>75,00\u20ac &#8211; 149,99\u20ac<\/td>\n<td>\u20ac20,-\u20ac<\/td>\n<\/tr>\n<tr>\n<td>150,00\u20ac &#8211; 199,99\u20ac<\/td>\n<td>\u20ac10,-\u20ac<\/td>\n<\/tr>\n<tr>\n<td>Ab 200,00\u20ac Versandkostenfrei<\/td>\n\n<\/tr>\n<\/tbody>\n<\/table>\n\t\t\t\t\t<a href=\"#\" id=\"fl-accordion--label-5\" tabindex=\"0\" aria-controls=\"fl-accordion--panel-5\">Wie best\u00e4tige ich meinen Einkauf?<\/a>\n\t\t\t\t\t\t\t\t\t\t\t<a href=\"#\" id=\"fl-accordion--icon-5\" tabindex=\"-1\"><i title=\"Expand\">Expand<\/i><\/a>\n\t\t\t\t\t<p>Du bist fertig mit Deinem Einkauf? Klicke auf das links zu findende Einkaufswagensymbol. Du siehst Deinen bis zu diesem Zeitpunkt erstellten Einkauf. Bitte kontrolliere erneut, ob Du das richtige Versanddatum gew\u00e4hlt hast, und ob sich alle gew\u00fcnschten Produkte mit der richtigen Anzahl in Deinem Einkaufswagen befinden. Passt alles? Rechts oben siehst Du den Button \u201eEinkauf best\u00e4tigen&#8221;. Klicke bitte diesen Button, um Deinen Einkauf zu best\u00e4tigen. Wenige Minuten sp\u00e4ter erh\u00e4lst Du Deine Bestellbest\u00e4tigung per Email von uns.<\/p>\n<p>Bis zum Versandtag bleibt Deine Bestellung im Einkaufswagen stehen. Bestellst Du etwas dazu, best\u00e4tigst Du nur die Artikel, die Du neu hinzugef\u00fcgt hast. Auch hier\u00fcber erh\u00e4lst Du eine separate Bestellbest\u00e4tigung per Email.<\/p>\n\t\t\t\t\t<a href=\"#\" id=\"fl-accordion--label-6\" tabindex=\"0\" aria-controls=\"fl-accordion--panel-6\">Warum habe ich keine Bestellbest\u00e4tigung per Email erhalten?<\/a>\n\t\t\t\t\t\t\t\t\t\t\t<a href=\"#\" id=\"fl-accordion--icon-6\" tabindex=\"-1\"><i title=\"Expand\">Expand<\/i><\/a>\n\t\t\t\t\t<p>Bitte nimm schnellstm\u00f6glich <a href=\"http:\/\/greenzone-blumen.de\/kontakt\/\">Kontakt<\/a> mit uns auf. Wenn Du keine Bestellbest\u00e4tigung erhalten hast, und keine Bestellung in Deinem Einkaufswagen steht, ist bei uns leider keine Bestellung eingegangen.<\/p>\n\t\t\t\t\t<a href=\"#\" id=\"fl-accordion--label-7\" tabindex=\"0\" aria-controls=\"fl-accordion--panel-7\">Wie kann ich eine Nachricht \u00fcber den Onlineshop verschicken?<\/a>\n\t\t\t\t\t\t\t\t\t\t\t<a href=\"#\" id=\"fl-accordion--icon-7\" tabindex=\"-1\"><i title=\"Expand\">Expand<\/i><\/a>\n\t\t\t\t\t<p>\u00dcber den Onlineshop kannst Du uns auch eine Nachricht zukommen lassen. Im Einkaufswagen findest Du den Button &#8220;Kommentar schreiben&#8221;. Hier\u00fcber kannst Du uns ganz schnell und einfach eine Nachricht zukommen lassen.<\/p>\n\t\t\t\t\t<a href=\"#\" id=\"fl-accordion--label-8\" tabindex=\"0\" aria-controls=\"fl-accordion--panel-8\">Wie funktioniert die Lieferung?<\/a>\n\t\t\t\t\t\t\t\t\t\t\t<a href=\"#\" id=\"fl-accordion--icon-8\" tabindex=\"-1\"><i title=\"Expand\">Expand<\/i><\/a>\n\t\t\t\t\t<p>Die Lieferung der Produkte erfolgt \u00fcber den Logistik Dienstleister GO! (General Overnight). GO! liefert in ganz Deutschland ab einem Einkaufwert von 200 Euro kostenlos. Du erh\u00e4ltst Deine Lieferung von uns zwischen 08:00 Uhr und 13:00 Uhr in Deutschland und bis 18:00 Uhr in \u00d6sterreich. Sollte etwas dazwischen kommen, wirst Du von GO! oder uns informiert. Solltest Du nicht vor Ort sein k\u00f6nnen kannst Du bei uns eine Terminlieferung (einmalig 22,50\u20ac, dauerhaft 17,50\u20ac) buchen oder uns schriftlich eine Abstellgenehmigung erteilen.<\/p>\n<p>Telefonnummer GO!: 0800\/859 99 99<\/p>\n<p>Einen Mindestbestellwert gibt es nicht, die Versandkosten staffeln sich wie folgt:<\/p>\n<table width=\"371\">\n<tbody>\n<tr>\n<td><strong>Gesamtbestellwert\u00a0<\/strong><\/td>\n<td><strong>Extra Vers<\/strong><strong>andkosten<\/strong><\/td>\n<\/tr>\n<tr>\n<td>0,00\u20ac &#8211; 74,99\u20ac<\/td>\n<td>30,-\u20ac<\/td>\n<\/tr>\n<tr>\n<td>75,00\u20ac &#8211; 149,99\u20ac<\/td>\n<td>\u20ac20,-\u20ac<\/td>\n<\/tr>\n<tr>\n<td>150,00\u20ac &#8211; 199,99\u20ac<\/td>\n<td>\u20ac10,-\u20ac<\/td>\n<\/tr>\n<tr>\n<td>Ab 200,00\u20ac Versandkostenfrei<\/td>\n\n<\/tr>\n<tr>\n\n\n<\/tr>\n<tr>\n\n\n<\/tr>\n<\/tbody>\n<\/table>\n\t\t\t\t\t<a href=\"#\" id=\"fl-accordion--label-9\" tabindex=\"0\" aria-controls=\"fl-accordion--panel-9\">Wie funktioniert die Bezahlung?<\/a>\n\t\t\t\t\t\t\t\t\t\t\t<a href=\"#\" id=\"fl-accordion--icon-9\" tabindex=\"-1\"><i title=\"Expand\">Expand<\/i><\/a>\n\t\t\t\t\t<p>Als Direkt Kunde bezahlst Du entweder per SEPA-Lastschriftmandat oder Online mit PayPal oder Klarna Sofort\u00fcberweisung. Solltest Du Fleurop-Partner sein, wird der Einkauf \u00fcber die Fleurop abgerechnet. Oder bist Du Kunde von der Versteigerung Rhein-Maas, dann wirst Du dar\u00fcber abgerechnet.<\/p>\n<p>Bei Fragen helfen wir Dir gerne weiter.<\/p>\n\t\t\t\t\t<a href=\"#\" id=\"fl-accordion--label-10\" tabindex=\"0\" aria-controls=\"fl-accordion--panel-10\">Wo kann ich fehlende Rechnungen finden? <\/a>\n\t\t\t\t\t\t\t\t\t\t\t<a href=\"#\" id=\"fl-accordion--icon-10\" tabindex=\"-1\"><i title=\"Expand\">Expand<\/i><\/a>\n\t\t\t\t\t<p>Alle Rechnungen findest Du im Onlineshop in Deinem Men\u00fc.<\/p>\n\t\t\t\t\t<a href=\"#\" id=\"fl-accordion--label-11\" tabindex=\"0\" aria-controls=\"fl-accordion--panel-11\">Wie lege ich eine Reklamation an? <\/a>\n\t\t\t\t\t\t\t\t\t\t\t<a href=\"#\" id=\"fl-accordion--icon-11\" tabindex=\"-1\"><i title=\"Expand\">Expand<\/i><\/a>\n\t\t\t\t\t<p>Leider kommt es auch vor, dass Produkte nicht Deinen Vorstellungen entsprechen. Reklamationen meldest Du uns bitte immer innerhalb von <strong>48 Stunden<\/strong> mit entsprechenden Bildern (Detailfoto, zu reklamierende Menge, Bild von oben) immer \u00fcber Dein Men\u00fc in Deinem GreenZone-Account. \u00dcber WhatsApp werden keine Reklamationen mehr angenommen. Bitte behalte die Produkte so lange bis die Reklamation vollst\u00e4ndig abgeschlossen ist.<\/p>\n\t\t\t\t\t<a href=\"#\" id=\"fl-accordion--label-12\" tabindex=\"0\" aria-controls=\"fl-accordion--panel-12\">Was mache ich bei einer Sonderbestellung? <\/a>\n\t\t\t\t\t\t\t\t\t\t\t<a href=\"#\" id=\"fl-accordion--icon-12\" tabindex=\"-1\"><i title=\"Expand\">Expand<\/i><\/a>\n\t\t\t\t\t<p>Sonderbestellungen m\u00fcssen auch wir extra einkaufen. Bitte schicke uns Deine Sonderbestellung immer schriftlich per WhatsApp oder Email, drei bis f\u00fcnf Werktage vor dem Versand.<\/p>\n\t\t\t\t\t<a href=\"#\" id=\"fl-accordion--label-13\" tabindex=\"0\" aria-controls=\"fl-accordion--panel-13\">Ich habe etwas falsches bestellt? <\/a>\n\t\t\t\t\t\t\t\t\t\t\t<a href=\"#\" id=\"fl-accordion--icon-13\" tabindex=\"-1\"><i title=\"Expand\">Expand<\/i><\/a>\n\t\t\t\t\t<p><b>Aus logistischen Gr\u00fcnden und f\u00fcr einen reibungslosen, internen Ablauf, ist es nicht m\u00f6glich eine Stornierung Eures Auftrags vorzunehmen.<\/b><\/p>\n\t\t<h4>du m\u00f6chtest kunde werden?<\/h4>\n\t\t<p>Melde Dich jetzt unverbindlich \u00fcber unser Kontaktformular an<\/p>\n\t\t\t<a href=\"http:\/\/greenzone-blumen.de\/kunde-werden\/\" target=\"_self\">\n\t\t\t\t\t\t\tKunde werden\n\t\t\t\t\t<\/a>\n\n","protected":false},"excerpt":{"rendered":"<p>&#8220;da freu ich mich drauf&#8221; h\u00e4ufig gestellte fragen Wie w\u00e4hle ich einen Versandtag aus? Collapse Sobald Du einen Vorrat ausgew\u00e4hlt hast siehst Du ein Kalendersymbol. W\u00e4hle einen gew\u00fcnschten Versandtag und gehe dann auf \u201eweiter einkaufen&#8221;. Dein gew\u00fcnschter Versandtag ist nun registriert. Es gilt immer: Den Versandtag den Du im Kalender w\u00e4hlst, ist immer der Tag&hellip;<\/p>\n","protected":false},"author":2,"featured_media":0,"parent":0,"menu_order":0,"comment_status":"closed","ping_status":"closed","template":"","meta":{"inline_featured_image":false,"footnotes":""},"class_list":["post-1835","page","type-page","status-publish","hentry"],"yoast_head":"<!-- This site is optimized with the Yoast SEO plugin v27.2 - https:\/\/yoast.com\/product\/yoast-seo-wordpress\/ -->\n<title>Frequently asked questions - Greenzone GmbH<\/title>\n<meta name=\"description\" content=\"Here we have summarized all frequently asked questions about GreenZone GmbH for you. If you have any questions, please contact GreenZone. If you have any questions, please contact us\" \/>\n<meta name=\"robots\" content=\"index, follow, max-snippet:-1, max-image-preview:large, max-video-preview:-1\" \/>\n<link rel=\"canonical\" href=\"https:\/\/greenzone-blumen.de\/en\/frequently-asked-questions\/\" \/>\n<meta property=\"og:locale\" content=\"en_US\" \/>\n<meta property=\"og:type\" content=\"article\" \/>\n<meta property=\"og:title\" content=\"Frequently asked questions - Greenzone GmbH\" \/>\n<meta property=\"og:description\" content=\"Here we have summarized all frequently asked questions about GreenZone GmbH for you. If you have any questions, please contact GreenZone. If you have any questions, please contact us\" \/>\n<meta property=\"og:url\" content=\"https:\/\/greenzone-blumen.de\/en\/frequently-asked-questions\/\" \/>\n<meta property=\"og:site_name\" content=\"Greenzone GmbH\" \/>\n<meta property=\"article:modified_time\" content=\"2025-03-12T09:00:18+00:00\" \/>\n<meta name=\"twitter:card\" content=\"summary_large_image\" \/>\n<meta name=\"twitter:label1\" content=\"Est. reading time\" \/>\n\t<meta name=\"twitter:data1\" content=\"5 minutes\" \/>\n<script type=\"application\/ld+json\" class=\"yoast-schema-graph\">{\"@context\":\"https:\/\/schema.org\",\"@graph\":[{\"@type\":\"WebPage\",\"@id\":\"https:\/\/greenzone-blumen.de\/en\/frequently-asked-questions\/\",\"url\":\"https:\/\/greenzone-blumen.de\/en\/frequently-asked-questions\/\",\"name\":\"Frequently asked questions - Greenzone GmbH\",\"isPartOf\":{\"@id\":\"https:\/\/greenzone-blumen.de\/en\/#website\"},\"datePublished\":\"2022-02-08T10:31:31+00:00\",\"dateModified\":\"2025-03-12T09:00:18+00:00\",\"description\":\"Here we have summarized all frequently asked questions about GreenZone GmbH for you. If you have any questions, please contact GreenZone. If you have any questions, please contact us\",\"breadcrumb\":{\"@id\":\"https:\/\/greenzone-blumen.de\/en\/frequently-asked-questions\/#breadcrumb\"},\"inLanguage\":\"en-US\",\"potentialAction\":[{\"@type\":\"ReadAction\",\"target\":[\"https:\/\/greenzone-blumen.de\/en\/frequently-asked-questions\/\"]}]},{\"@type\":\"BreadcrumbList\",\"@id\":\"https:\/\/greenzone-blumen.de\/en\/frequently-asked-questions\/#breadcrumb\",\"itemListElement\":[{\"@type\":\"ListItem\",\"position\":1,\"name\":\"Home\",\"item\":\"https:\/\/greenzone-blumen.de\/en\/home-2\/\"},{\"@type\":\"ListItem\",\"position\":2,\"name\":\"Frequently asked questions\"}]},{\"@type\":\"WebSite\",\"@id\":\"https:\/\/greenzone-blumen.de\/en\/#website\",\"url\":\"https:\/\/greenzone-blumen.de\/en\/\",\"name\":\"Greenzone GmbH\",\"description\":\"Da freu ich mich drauf\",\"potentialAction\":[{\"@type\":\"SearchAction\",\"target\":{\"@type\":\"EntryPoint\",\"urlTemplate\":\"https:\/\/greenzone-blumen.de\/en\/?s={search_term_string}\"},\"query-input\":{\"@type\":\"PropertyValueSpecification\",\"valueRequired\":true,\"valueName\":\"search_term_string\"}}],\"inLanguage\":\"en-US\"}]}<\/script>\n<!-- \/ Yoast SEO plugin. -->","yoast_head_json":{"title":"Frequently asked questions - Greenzone GmbH","description":"Here we have summarized all frequently asked questions about GreenZone GmbH for you. If you have any questions, please contact GreenZone. If you have any questions, please contact us","robots":{"index":"index","follow":"follow","max-snippet":"max-snippet:-1","max-image-preview":"max-image-preview:large","max-video-preview":"max-video-preview:-1"},"canonical":"https:\/\/greenzone-blumen.de\/en\/frequently-asked-questions\/","og_locale":"en_US","og_type":"article","og_title":"Frequently asked questions - Greenzone GmbH","og_description":"Here we have summarized all frequently asked questions about GreenZone GmbH for you. If you have any questions, please contact GreenZone. If you have any questions, please contact us","og_url":"https:\/\/greenzone-blumen.de\/en\/frequently-asked-questions\/","og_site_name":"Greenzone GmbH","article_modified_time":"2025-03-12T09:00:18+00:00","twitter_card":"summary_large_image","twitter_misc":{"Est. reading time":"5 minutes"},"schema":{"@context":"https:\/\/schema.org","@graph":[{"@type":"WebPage","@id":"https:\/\/greenzone-blumen.de\/en\/frequently-asked-questions\/","url":"https:\/\/greenzone-blumen.de\/en\/frequently-asked-questions\/","name":"Frequently asked questions - Greenzone GmbH","isPartOf":{"@id":"https:\/\/greenzone-blumen.de\/en\/#website"},"datePublished":"2022-02-08T10:31:31+00:00","dateModified":"2025-03-12T09:00:18+00:00","description":"Here we have summarized all frequently asked questions about GreenZone GmbH for you. If you have any questions, please contact GreenZone. If you have any questions, please contact us","breadcrumb":{"@id":"https:\/\/greenzone-blumen.de\/en\/frequently-asked-questions\/#breadcrumb"},"inLanguage":"en-US","potentialAction":[{"@type":"ReadAction","target":["https:\/\/greenzone-blumen.de\/en\/frequently-asked-questions\/"]}]},{"@type":"BreadcrumbList","@id":"https:\/\/greenzone-blumen.de\/en\/frequently-asked-questions\/#breadcrumb","itemListElement":[{"@type":"ListItem","position":1,"name":"Home","item":"https:\/\/greenzone-blumen.de\/en\/home-2\/"},{"@type":"ListItem","position":2,"name":"Frequently asked questions"}]},{"@type":"WebSite","@id":"https:\/\/greenzone-blumen.de\/en\/#website","url":"https:\/\/greenzone-blumen.de\/en\/","name":"Greenzone GmbH","description":"Da freu ich mich drauf","potentialAction":[{"@type":"SearchAction","target":{"@type":"EntryPoint","urlTemplate":"https:\/\/greenzone-blumen.de\/en\/?s={search_term_string}"},"query-input":{"@type":"PropertyValueSpecification","valueRequired":true,"valueName":"search_term_string"}}],"inLanguage":"en-US"}]}},"_links":{"self":[{"href":"https:\/\/greenzone-blumen.de\/en\/wp-json\/wp\/v2\/pages\/1835","targetHints":{"allow":["GET"]}}],"collection":[{"href":"https:\/\/greenzone-blumen.de\/en\/wp-json\/wp\/v2\/pages"}],"about":[{"href":"https:\/\/greenzone-blumen.de\/en\/wp-json\/wp\/v2\/types\/page"}],"author":[{"embeddable":true,"href":"https:\/\/greenzone-blumen.de\/en\/wp-json\/wp\/v2\/users\/2"}],"replies":[{"embeddable":true,"href":"https:\/\/greenzone-blumen.de\/en\/wp-json\/wp\/v2\/comments?post=1835"}],"version-history":[{"count":6,"href":"https:\/\/greenzone-blumen.de\/en\/wp-json\/wp\/v2\/pages\/1835\/revisions"}],"predecessor-version":[{"id":6597,"href":"https:\/\/greenzone-blumen.de\/en\/wp-json\/wp\/v2\/pages\/1835\/revisions\/6597"}],"wp:attachment":[{"href":"https:\/\/greenzone-blumen.de\/en\/wp-json\/wp\/v2\/media?parent=1835"}],"curies":[{"name":"wp","href":"https:\/\/api.w.org\/{rel}","templated":true}]}}